{"id":1555,"date":"2024-06-17T14:00:46","date_gmt":"2024-06-17T13:00:46","guid":{"rendered":"https:\/\/sigmatools.ch\/datenschutzerklarung"},"modified":"2024-06-18T15:26:46","modified_gmt":"2024-06-18T14:26:46","slug":"datenschutzerklarung","status":"publish","type":"page","link":"https:\/\/sigmatools.de\/en\/datenschutzerklarung","title":{"rendered":"Datenschutzerkl\u00e4rung"},"content":{"rendered":"\t\t<div data-elementor-type=\"wp-page\" data-elementor-id=\"1555\" class=\"elementor elementor-1555 elementor-1504\">\n\t\t\t\t\t\t\t\t\t<section class=\"elementor-section elementor-top-section elementor-element elementor-element-72d98ac3 servicepagebg servicepagehero elementor-section-full_width elementor-section-stretched elementor-section-height-default elementor-section-height-default\" data-id=\"72d98ac3\" data-element_type=\"section\" data-settings=\"{&quot;background_background&quot;:&quot;classic&quot;,&quot;stretch_section&quot;:&quot;section-stretched&quot;}\">\n\t\t\t\t\t\t\t<div class=\"elementor-background-overlay\"><\/div>\n\t\t\t\t\t\t\t<div class=\"elementor-container elementor-column-gap-default\">\n\t\t\t\t\t<div class=\"elementor-column elementor-col-100 elementor-top-column elementor-element elementor-element-4d60fe70\" data-id=\"4d60fe70\" data-element_type=\"column\" data-settings=\"{&quot;background_background&quot;:&quot;classic&quot;}\">\n\t\t\t<div class=\"elementor-widget-wrap elementor-element-populated\">\n\t\t\t\t\t\t\t\t<div class=\"elementor-element elementor-element-44d015af red-text-page-titles elementor-widget elementor-widget-text-editor\" data-id=\"44d015af\" data-element_type=\"widget\" data-widget_type=\"text-editor.default\">\n\t\t\t\t<div class=\"elementor-widget-container\">\n\t\t\t<style>\/*! elementor - v3.8.1 - 13-11-2022 *\/\n.elementor-widget-text-editor.elementor-drop-cap-view-stacked .elementor-drop-cap{background-color:#818a91;color:#fff}.elementor-widget-text-editor.elementor-drop-cap-view-framed .elementor-drop-cap{color:#818a91;border:3px solid;background-color:transparent}.elementor-widget-text-editor:not(.elementor-drop-cap-view-default) .elementor-drop-cap{margin-top:8px}.elementor-widget-text-editor:not(.elementor-drop-cap-view-default) .elementor-drop-cap-letter{width:1em;height:1em}.elementor-widget-text-editor .elementor-drop-cap{float:left;text-align:center;line-height:1;font-size:50px}.elementor-widget-text-editor .elementor-drop-cap-letter{display:inline-block}<\/style>\t\t\t\t<h1 class=\"entry-title\">Datenschutz<\/h1>\t\t\t\t\t\t<\/div>\n\t\t\t\t<\/div>\n\t\t\t\t\t<\/div>\n\t\t<\/div>\n\t\t\t\t\t\t\t<\/div>\n\t\t<\/section>\n\t\t\t\t<section class=\"elementor-section elementor-top-section elementor-element elementor-element-2fd32be4 elementor-section-boxed elementor-section-height-default elementor-section-height-default\" data-id=\"2fd32be4\" data-element_type=\"section\" data-settings=\"{&quot;background_background&quot;:&quot;classic&quot;}\">\n\t\t\t\t\t\t<div class=\"elementor-container elementor-column-gap-default\">\n\t\t\t\t\t<div class=\"elementor-column elementor-col-100 elementor-top-column elementor-element elementor-element-12254af7\" data-id=\"12254af7\" data-element_type=\"column\">\n\t\t\t<div class=\"elementor-widget-wrap elementor-element-populated\">\n\t\t\t\t\t\t\t\t<div class=\"elementor-element elementor-element-6fa4742d elementor-widget elementor-widget-text-editor\" data-id=\"6fa4742d\" data-element_type=\"widget\" data-widget_type=\"text-editor.default\">\n\t\t\t\t<div class=\"elementor-widget-container\">\n\t\t\t\t\t\t\t<h2>1 Einf\u00fchrung<\/h2>\nDiese Datenschutzerkl\u00e4rung gilt f\u00fcr die Webseite <a href=\"https:\/\/sigmatools.ch\"><strong>https:\/\/sigmatools.ch<\/strong><\/a>. Unser Angebot richtet sich an Nutzer in der Schweiz. Diese Datenschutzerkl\u00e4rung informiert unsere Kunden, Interessenten, Webseitenbesucher sowie Dritte, mit denen wir Gesch\u00e4fte t\u00e4tigen oder interagieren (im Folgenden \u00ab<strong>Kunden<\/strong>\u00bb, \u00ab<strong>Nutzer<\/strong>\u00bb oder \u00ab<strong>Sie<\/strong>\u00bb), \u00fcber die Erhebung, Bearbeitung, Offenlegung, Weitergabe von personenbezogenen Daten im Zusammenhang mit der Nutzung unserer Webseite, Dienstleistungen, Apps, Angebote, der Interaktion oder der Zusammenarbeit mit uns (im Folgenden: \u00abDienstleistungen\u00bb). Z\u00f6gern Sie nicht, sich bei Fragen zum Datenschutz jederzeit an uns zu wenden. Unser Angebot richtet sich an Besucher und Nutzer in der Schweiz.\n<h2>2 Anzuwendendes Recht und Begriffsbestimmungen<\/h2>\n<h3>2.1. Anzuwendendes Recht<\/h3>\nWir haben unseren Sitz in der Schweiz und richten uns nach dem Schweizer Datenschutzgesetz (DSG) in seiner jeweils g\u00fcltigen Fassung. Wir unterwerfen uns mit dieser Datenschutzerkl\u00e4rung den ab 1. September 2023 geltenden Vorschriften des Datenschutzgesetzes. Den vollst\u00e4ndigen Gesetzestext finden Sie hier: https:\/\/www.fedlex.admin.ch\/eli\/oc\/2022\/491\/de\n<h3>2.2. Begriffsbestimmungen<\/h3>\nEs gelten die Begriffsbestimmungen des Art. 5 DSG, die wir nachfolgend wiedergeben.\n<ul style=\"list-style-type: lower-alpha;\">\n \t<li>Personendaten: alle Angaben, die sich auf eine bestimmte oder bestimmbare nat\u00fcrliche Person beziehen;<\/li>\n \t<li>betroffene Person: nat\u00fcrliche Person, \u00fcber die Personendaten bearbeitet werden;<\/li>\n \t<li>besonders sch\u00fctzenswerte Personendaten sind:\n<ul style=\"list-style-type: decimal;\">\n \t<li>Daten \u00fcber religi\u00f6se, weltanschauliche, politische oder gewerkschaftliche Ansichten oder T\u00e4tigkeiten,<\/li>\n \t<li>Daten \u00fcber die Gesundheit, die Intimsph\u00e4re oder die Zugeh\u00f6rigkeit zu einer Rasse oder Ethnie,<\/li>\n \t<li>genetische Daten,<\/li>\n \t<li>biometrische Daten, die eine nat\u00fcrliche Person eindeutig identifizieren,<\/li>\n \t<li>Daten \u00fcber verwaltungs- und strafrechtliche Verfolgungen oder Sanktionen,<\/li>\n \t<li>Daten \u00fcber Massnahmen der sozialen Hilfe;<\/li>\n<\/ul>\n<\/li>\n \t<li>Bearbeiten: jeder Umgang mit Personendaten, unabh\u00e4ngig von den angewandten Mitteln und Verfahren, insbesondere das Beschaffen, Speichern, Aufbewahren, Verwenden, Ver\u00e4ndern, Bekanntgeben, Archivieren, L\u00f6schen oder Vernichten von Daten;<\/li>\n \t<li>Bekanntgeben: das \u00dcbermitteln oder Zug\u00e4nglichmachen von Personendaten;<\/li>\n \t<li>Profiling: jede Art der automatisierten Bearbeitung von Personendaten, die darin besteht, dass diese Daten verwendet werden, um bestimmte pers\u00f6nliche Aspekte, die sich auf eine nat\u00fcrliche Person beziehen, zu bewerten, insbesondere um Aspekte bez\u00fcglich Arbeitsleistung, wirtschaftlicher Lage, Gesundheit, pers\u00f6nlicher Vorlieben, Interessen, Zuverl\u00e4ssigkeit, Verhalten, Aufenthaltsort oder Ortswechsel dieser nat\u00fcrlichen Person zu analysieren oder vorherzusagen;<\/li>\n \t<li>Profiling mit hohem Risiko: Profiling, das ein hohes Risiko f\u00fcr die Pers\u00f6nlichkeit oder die Grundrechte der betroffenen Person mit sich bringt, indem es zu einer Verkn\u00fcpfung von Daten f\u00fchrt, die eine Beurteilung wesentlicher Aspekte der Pers\u00f6nlichkeit einer nat\u00fcrlichen Person erlaubt;<\/li>\n \t<li>Verletzung der Datensicherheit: eine Verletzung der Sicherheit, die dazu f\u00fchrt, dass Personendaten unbeabsichtigt oder widerrechtlich verlorengehen, gel\u00f6scht, vernichtet oder ver\u00e4ndert werden oder Unbefugten offengelegt oder zug\u00e4nglich gemacht werden;<\/li>\n \t<li>Bundesorgan: Beh\u00f6rde oder Dienststelle des Bundes oder Person, die mit \u00f6ffentlichen Aufgaben des Bundes betraut ist;<\/li>\n \t<li>Verantwortlicher: private Person oder Bundesorgan, die oder das allein oder zusammen mit anderen \u00fcber den Zweck und die Mittel der Bearbeitung entscheidet;<\/li>\n \t<li>Auftragsbearbeiter: private Person oder Bundesorgan, die oder das im Auf- trag des Verantwortlichen Personendaten bearbeitet.<\/li>\n<\/ul>\n<h2>3 Angemessene Information \u00fcber die Beschaffung von Personendaten<\/h2>\nSoweit wir eine Webseite unterhalten, finden Sie diese Datenschutzerkl\u00e4rung auf unserer Webseite.\n<h2>4 Ansprechpartner<\/h2>\n<h3>4.1 Angaben des Verantwortlichen<\/h3>\nDie Datenverarbeitung erfolgt durch:\nSIGMAtools GmbH (CHE 460.532.395)\nhandelnd durch den Vorsitzenden der Gesch\u00e4ftsf\u00fchrung, Herrn Adam Martin Gontarz\nc\/o Buchhaltungs AG, Gotthardstrasse 55, 8800 Thalwil\nPhone: +41 788 75 57 00\nE-Mail: contact@sigmatools.ch\n<h3>4.2 Ansprechpartner f\u00fcr Ausk\u00fcnfte und Fragen zum Datenschutz<\/h3>\nF\u00fcr Auskunftsverlangen oder Fragen zum Datenschutz wenden Sie sich an den unter 4.1 genannten Ansprechpartner.\n<h3>4.3 Datenschutzbeauftragter oder Datenschutzberater<\/h3>\nWir sind derzeit nicht verpflichtet, einen Datenschutzbeauftragten oder Datenschutzberater zu benennen und haben keinen Datenschutzberater benannt.\n<h2>5 Datenschutzinformation<\/h2>\n<h3>5.1 Bearbeitungszweck<\/h3>\nWir verarbeiten Personendaten zu folgenden Bearbeitungszwecken, in Abh\u00e4ngigkeit davon, ob Sie mit uns als Kunde, Lieferant, Mitarbeiter, Dienstleister oder Bewerber in Kontakt stehen bzw. mit uns zusammenarbeiten.\n\nBearbeitungszwecke sind:\n<ul>\n \t<li>Nutzung und Bereitstellung des Webseitenangebots<\/li>\n \t<li>Einsatz von Cookies zur Gew\u00e4hrleistung der Funktionalit\u00e4t der Webseite<\/li>\n \t<li>Kontaktaufnahme und Kommunikation, inklusive Beziehungspflege<\/li>\n \t<li>Einhaltung von gesetzlichen und beh\u00f6rdlichen Pflichten, zu denen wir verpflichtet sind<\/li>\n \t<li>Erf\u00fcllung von vertraglichen Verpflichtungen<\/li>\n \t<li>Durchsetzung und Abwehr von Anspr\u00fcchen<\/li>\n \t<li>T\u00e4tigkeiten, die im Rahmen der Erf\u00fcllung unseres Gesellschaftszweckes liegen<\/li>\n \t<li>Risikomanagement und Unternehmensf\u00fchrung<\/li>\n \t<li>Weitere Zwecke z.B. administrative Zwecke, Evaluierung von Abl\u00e4ufen, Qualit\u00e4tssicherung<\/li>\n<\/ul>\n<h3>5.2 Kategorien von Empf\u00e4ngern<\/h3>\nWir geben die Kategorie von Empf\u00e4ngern an, denen Personendaten in Abh\u00e4ngigkeit der jeweiligen T\u00e4tigkeit bekannt gegeben werden k\u00f6nnen.\n<ul>\n \t<li>Webhosting-Provider, Webmaster, IT-Dienstleister (soweit eingesetzt)<\/li>\n \t<li>Anbieter des Content-Management-Systems (WordPress)<\/li>\n \t<li>Dritte, die Dienste und Services bereitstellen<\/li>\n \t<li>Treuh\u00e4nder, Dienstleister zur Erf\u00fcllung gesetzlicher oder steuerlichen Pflichten<\/li>\n \t<li>Versicherungsunternehmen<\/li>\n \t<li>Social-Media-Dienste<\/li>\n \t<li>Gesch\u00e4ftsf\u00fchrungsmitglieder der SIGMAtools<\/li>\n \t<li>Mitarbeitende der SIGMAtools sowie beigezogene Hilfspersonen<\/li>\n<\/ul>\n<h3>5.3 Bekanntgabe ins Ausland<\/h3>\nWir informieren \u00fcber die Bekanntgabe von Personendaten ins Ausland. Diese erfolgt, um Dienste z.B. IT- und Webseiten-Services zu gew\u00e4hrleisten oder unsere Satzungszwecke zu verfolgen.\nEU-Ausland: angemessenes Datenschutzniveau\nUSA: Die USA gew\u00e4hrleisten derzeit kein angemessenes Datenschutzniveau. Die EU hat einen Angemessenheitsbeschluss gefasst, der (Schweizer) Bundesrat hat einen solchen Beschluss noch nicht gefasst, so dass es derzeit an einem Angemessenheitsbeschluss im Sinne des DSG fehlt (Stand 08\/2023). Zur Gew\u00e4hrleistung eines geeigneten Datenschutzes st\u00fctzen wir die Daten\u00fcbertragung in der Regel auf Garantien (Standarddatenschutzklauseln (Art.\u00a016\u00a0Abs.\u00a02\u00a0d.\u00a0DSG)) oder Ausnahmen (ausdr\u00fccklichen Einwilligung der betroffenen Person (Art.\u00a017\u00a0Abs.\u00a01\u00a0a\u00a0DSG) oder die Bekanntgabe steht in unmittelbarem Zusammenhang mit dem Abschluss oder der Abwicklung eines Vertrages zwischen dem Verantwortlichen und der betroffenen Personen (Art.\u00a017\u00a0Abs.\u00a01\u00a0b.\u00a0Ziffer\u00a01\u00a0DSG). Wir behalten uns vor, die \u00dcbertragung auf Grundlage einer Ausnahme nach Art.\u00a017\u00a0Abs.\u00a01\u00a0b.\u00a0Ziffer\u00a02\u00a0DSG, Art.\u00a017\u00a0Abs.\u00a01\u00a0d\u00a0\u2013\u00a0f\u00a0DSG vorzunehmen.\n<a name=\"Cookies\"><\/a>\n<h2>6. Cookies<\/h2>\nWir verwenden f\u00fcr unsere Webseite Cookies, um die Funktionalit\u00e4t der Webseite zu gew\u00e4hrleisten. Cookies sind kleine Textdateien, die entweder lediglich f\u00fcr die Dauer des Besuches auf der Webseite gespeichert (sog. \u201cSession Cookies\u201d) oder l\u00e4nger gespeichert und erst nach einer festgelegten Zeit gel\u00f6scht werden, um z.B. wiederkehrende Nutzer zu erkennen oder das Einkaufen und die Warenkorbfunktion zu erm\u00f6glichen. Einige Dienste setzen ebenfalls Cookies.\n\nSie k\u00f6nnen in den Einstellungen Ihres Browsers in der Regel einstellen, welche Cookies Sie zulassen m\u00f6chten. Werden s\u00e4mtliche Cookies abgelehnt (\u201cfunktionale Cookies\u201d) kann der Besuch und die Funktionalit\u00e4t unserer Webseite eingeschr\u00e4nkt oder nicht verf\u00fcgbar sein. Hilfestellung zur Cookieverwaltung g\u00e4ngiger Browser erhalten Sie hier:\n<ul>\n \t<li>Mozilla Firefox: https:\/\/support.mozilla.org\/de\/kb\/cookies-loeschen-daten-von-websites-entfernen<\/li>\n \t<li>Internet Explorer: https:\/\/support.microsoft.com\/de-de\/help\/17442\/windows-internet-explorer-delete-manage-cookies<\/li>\n \t<li>Google Chrome: https:\/\/support.google.com\/accounts\/answer\/61416?hl=de<\/li>\n \t<li>Opera: http:\/\/www.opera.com\/de\/help<\/li>\n \t<li>Safari: https:\/\/support.apple.com\/kb\/PH17191?locale=de_DE&amp;viewlocale=de_DE.<\/li>\n<\/ul>\n<h2>7. Automatisierte Entscheidungsfindung<\/h2>\nWir setzen keine automatisierte Entscheidungsfindung ein. Eine ausschliesslich automatisierte Entscheidungsfindung findet statt, wenn Entscheidungen \u00fcber Sie auf technischen Weg und ohne menschliches Eingreifen getroffen werden.\n<h2>8. Analysetools<\/h2>\nWir verwenden keine Analysetools, um das Benutzerverhalten zu analysieren.\n<h2>9 Einbindung von externen Online- und Social-Media-Diensten<\/h2>\nWir haben keine externe Online-Dienste (z.B. Kartendiente) eingebunden.\n\nWir haben <strong>Google Tag Manager<\/strong> eingebunden, der uns als Tag Management System erm\u00f6glicht, die Implementierung von Webanalyse Tools auf unserer Webseite zu erleichtern und Ihnen aus den daraus gewonnen Informationen ein besseres Nutzererlebnis anzubieten. Tags sind sog. Code-Snippets [Code-Schnipsel], die zu Analyse- und Marketingzwecke eingesetzt werden.\n\nWir haben <strong>Google Fonts<\/strong> eingebunden, um Ihnen ein besseres Nutzererlebnis anzubieten. Mit Google Fonts k\u00f6nnen wir von Google bereitgestellte Schriftarten verwenden.\n\nWir haben <strong>Google reCaptcha<\/strong> eingebunden, der automatisierte Tests durchf\u00fchrt, um anhand von Interaktionsmustern Handlungen von Menschen von denjenigen von Maschinen zu unterscheiden. Diese Tests werden als Zugangskontrolle verwendet.\n\nWir haben <strong>WordPress Multilingual Plugin (&#8220;WPML&#8221;)<\/strong> eingebunden, um unsere Webseite in diverse Sprachen \u00fcbersetzen zu k\u00f6nnen.\n\nWir haben <strong>Plugins\/Tools<\/strong> eingebunden, welche erm\u00f6glichen, dass Cookies erst nach der Zustimmung eines Webseiten-Besuchers eingesetzt werden.\n\nDie Verarbeitung der Daten erfolgt im Rahmen dieser Dienste auch in den USA. Die durch die Cookies erzeugten Informationen \u00fcber Benutzung unserer Webseite werden in der Regel an einen Server in den USA \u00fcbertragen und dort eine Minute gespeichert.\n<h2>10 \u00c4nderungsvorbehalt<\/h2>\nWir behalten uns vor, diese Datenschutzerkl\u00e4rung jederzeit mit Wirkung f\u00fcr die Zukunft zu \u00e4ndern. Dies kann zum Beispiel erfolgen, wenn ein angemessenes Datenschutzniveau f\u00fcr einen Datentransfer in das Ausland festgestellt wird oder wir unseren Service erweitern oder beschr\u00e4nken.\n\nHaben Sie Fragen zu unserer Datenschutzerkl\u00e4rung oder der Verarbeitung von Personendaten, sprechen Sie uns gerne an. Diese Datenschutzerkl\u00e4rung bildet den Rechtsstand des ab 1.\u00a0September\u00a02023 geltenden Datenschutzgesetzes ab.\t\t\t\t\t\t<\/div>\n\t\t\t\t<\/div>\n\t\t\t\t\t<\/div>\n\t\t<\/div>\n\t\t\t\t\t\t\t<\/div>\n\t\t<\/section>\n\t\t\t\t\t\t\t<\/div>\n\t\t","protected":false},"excerpt":{"rendered":"<p>Datenschutz 1 Einf\u00fchrung Diese Datenschutzerkl\u00e4rung gilt f\u00fcr die Webseite https:\/\/sigmatools.ch. Unser Angebot richtet sich an Nutzer in der Schweiz. Diese Datenschutzerkl\u00e4rung informiert unsere Kunden, Interessenten, Webseitenbesucher sowie Dritte, mit denen wir Gesch\u00e4fte t\u00e4tigen oder interagieren (im Folgenden \u00abKunden\u00bb, \u00abNutzer\u00bb oder \u00abSie\u00bb), \u00fcber die Erhebung, Bearbeitung, Offenlegung, Weitergabe von personenbezogenen Daten im Zusammenhang mit der Nutzung [&hellip;]<\/p>\n","protected":false},"author":2,"featured_media":0,"parent":0,"menu_order":0,"comment_status":"closed","ping_status":"closed","template":"elementor_header_footer","meta":{"_monsterinsights_skip_tracking":false,"_monsterinsights_sitenote_active":false,"_monsterinsights_sitenote_note":"","_monsterinsights_sitenote_category":0,"_uf_show_specific_survey":0,"_uf_disable_surveys":false,"_genesis_hide_title":false,"_genesis_hide_breadcrumbs":false,"_genesis_hide_singular_image":false,"_genesis_hide_footer_widgets":false,"_genesis_custom_body_class":"datenschutz herosectionheader","_genesis_custom_post_class":"","_genesis_layout":"","footnotes":""},"class_list":{"0":"post-1555","1":"page","2":"type-page","3":"status-publish","5":"entry"},"aioseo_notices":[],"_links":{"self":[{"href":"https:\/\/sigmatools.de\/en\/wp-json\/wp\/v2\/pages\/1555","targetHints":{"allow":["GET"]}}],"collection":[{"href":"https:\/\/sigmatools.de\/en\/wp-json\/wp\/v2\/pages"}],"about":[{"href":"https:\/\/sigmatools.de\/en\/wp-json\/wp\/v2\/types\/page"}],"author":[{"embeddable":true,"href":"https:\/\/sigmatools.de\/en\/wp-json\/wp\/v2\/users\/2"}],"replies":[{"embeddable":true,"href":"https:\/\/sigmatools.de\/en\/wp-json\/wp\/v2\/comments?post=1555"}],"version-history":[{"count":4,"href":"https:\/\/sigmatools.de\/en\/wp-json\/wp\/v2\/pages\/1555\/revisions"}],"predecessor-version":[{"id":1563,"href":"https:\/\/sigmatools.de\/en\/wp-json\/wp\/v2\/pages\/1555\/revisions\/1563"}],"wp:attachment":[{"href":"https:\/\/sigmatools.de\/en\/wp-json\/wp\/v2\/media?parent=1555"}],"curies":[{"name":"wp","href":"https:\/\/api.w.org\/{rel}","templated":true}]}}